{"id":38,"date":"2024-03-08T05:46:45","date_gmt":"2024-03-08T05:46:45","guid":{"rendered":"https:\/\/www.eskisehirapartlar.net\/?page_id=38"},"modified":"2024-03-08T07:25:02","modified_gmt":"2024-03-08T07:25:02","slug":"karma-ogrenci-apartlari","status":"publish","type":"page","link":"http:\/\/www.eskisehirapartlar.net\/?page_id=38","title":{"rendered":"Karma \u00d6\u011frenci Apartlar\u0131"},"content":{"rendered":"\n<p class=\"has-large-font-size\"><strong>Eslem Apart<\/strong><\/p>\n\n\n\n<figure class=\"wp-block-image\"><img loading=\"lazy\" decoding=\"async\" width=\"1304\" height=\"730\" src=\"http:\/\/www.eskisehirapartlar.net\/wp-content\/uploads\/2024\/03\/Screenshot-2024-03-08-134430.png\" alt=\"\" class=\"wp-image-39\" srcset=\"http:\/\/www.eskisehirapartlar.net\/wp-content\/uploads\/2024\/03\/Screenshot-2024-03-08-134430.png 1304w, http:\/\/www.eskisehirapartlar.net\/wp-content\/uploads\/2024\/03\/Screenshot-2024-03-08-134430-300x168.png 300w, http:\/\/www.eskisehirapartlar.net\/wp-content\/uploads\/2024\/03\/Screenshot-2024-03-08-134430-1024x573.png 1024w, http:\/\/www.eskisehirapartlar.net\/wp-content\/uploads\/2024\/03\/Screenshot-2024-03-08-134430-768x430.png 768w\" sizes=\"auto, (max-width: 1304px) 100vw, 1304px\" \/><\/figure>\n\n\n\n<p><strong>Full E\u015fyal\u0131 Kiral\u0131k Suit Daireler<\/strong><\/p>\n\n\n\n<p><strong>Eski\u015fehir Osmangazi \u00dcniversitesine yak\u0131n, y\u00fcr\u00fcy\u00fc\u015f mesafesinde..<\/strong><br><br>Full E\u015fyal\u0131,<br><br><strong>Odalar\u0131m\u0131zda bulunan e\u015fyalar<\/strong>TelevizyonBuzdolab\u0131\u00c7ekyat &#8211; Oturma grubuYatakDolapAspirat\u00f6r<\/p>\n\n\n\n<p><strong>Hizmete dahil hizmetler<\/strong><br>Odalar\u0131m\u0131zdaki internet hizmeti \u00fccrete dahildir. Bunun yan\u0131nda binan\u0131n ortak alanlar\u0131n\u0131n temizli\u011fi<\/p>\n\n\n\n<p>Eski\u015fehir Osmangazi \u00dcniversitesine y\u00fcr\u00fcy\u00fc\u015f mesafesinde.<\/p>\n\n\n\n<p>\u00dccret ile ilgili l\u00fctfen bize ula\u015farak bilgi isteyiniz.<\/p>\n\n\n\n<p>Dairelerimizin t\u00fcm\u00fc foto\u011fraflarda g\u00f6r\u00fcnd\u00fc\u011f\u00fc gibidir.&nbsp;<\/p>\n\n\n\n<figure class=\"wp-block-image\"><img loading=\"lazy\" decoding=\"async\" width=\"600\" height=\"804\" src=\"http:\/\/www.eskisehirapartlar.net\/wp-content\/uploads\/2024\/03\/eslemapart0.jpg\" alt=\"\" class=\"wp-image-40\" srcset=\"http:\/\/www.eskisehirapartlar.net\/wp-content\/uploads\/2024\/03\/eslemapart0.jpg 600w, http:\/\/www.eskisehirapartlar.net\/wp-content\/uploads\/2024\/03\/eslemapart0-224x300.jpg 224w\" sizes=\"auto, (max-width: 600px) 100vw, 600px\" \/><\/figure>\n\n\n\n<figure class=\"wp-block-image\"><img loading=\"lazy\" decoding=\"async\" width=\"600\" height=\"800\" src=\"http:\/\/www.eskisehirapartlar.net\/wp-content\/uploads\/2024\/03\/001.jpg\" alt=\"\" class=\"wp-image-41\" srcset=\"http:\/\/www.eskisehirapartlar.net\/wp-content\/uploads\/2024\/03\/001.jpg 600w, http:\/\/www.eskisehirapartlar.net\/wp-content\/uploads\/2024\/03\/001-225x300.jpg 225w\" sizes=\"auto, (max-width: 600px) 100vw, 600px\" \/><\/figure>\n","protected":false},"excerpt":{"rendered":"<p>Eslem Apart Full E\u015fyal\u0131 Kiral\u0131k Suit Daireler Eski\u015fehir Osmangazi \u00dcniversitesine yak\u0131n, y\u00fcr\u00fcy\u00fc\u015f mesafesinde.. Full E\u015fyal\u0131, Odalar\u0131m\u0131zda bulunan e\u015fyalarTelevizyonBuzdolab\u0131\u00c7ekyat &#8211; Oturma grubuYatakDolapAspirat\u00f6r Hizmete dahil hizmetlerOdalar\u0131m\u0131zdaki internet hizmeti \u00fccrete dahildir. Bunun yan\u0131nda binan\u0131n ortak alanlar\u0131n\u0131n temizli\u011fi Eski\u015fehir Osmangazi \u00dcniversitesine y\u00fcr\u00fcy\u00fc\u015f mesafesinde. \u00dccret &hellip; <a href=\"http:\/\/www.eskisehirapartlar.net\/?page_id=38\">Continue reading <span class=\"meta-nav\">&rarr;<\/span><\/a><\/p>\n","protected":false},"author":1,"featured_media":0,"parent":27,"menu_order":3,"comment_status":"closed","ping_status":"closed","template":"","meta":{"footnotes":""},"class_list":["post-38","page","type-page","status-publish","hentry"],"_links":{"self":[{"href":"http:\/\/www.eskisehirapartlar.net\/index.php?rest_route=\/wp\/v2\/pages\/38","targetHints":{"allow":["GET"]}}],"collection":[{"href":"http:\/\/www.eskisehirapartlar.net\/index.php?rest_route=\/wp\/v2\/pages"}],"about":[{"href":"http:\/\/www.eskisehirapartlar.net\/index.php?rest_route=\/wp\/v2\/types\/page"}],"author":[{"embeddable":true,"href":"http:\/\/www.eskisehirapartlar.net\/index.php?rest_route=\/wp\/v2\/users\/1"}],"replies":[{"embeddable":true,"href":"http:\/\/www.eskisehirapartlar.net\/index.php?rest_route=%2Fwp%2Fv2%2Fcomments&post=38"}],"version-history":[{"count":2,"href":"http:\/\/www.eskisehirapartlar.net\/index.php?rest_route=\/wp\/v2\/pages\/38\/revisions"}],"predecessor-version":[{"id":96,"href":"http:\/\/www.eskisehirapartlar.net\/index.php?rest_route=\/wp\/v2\/pages\/38\/revisions\/96"}],"up":[{"embeddable":true,"href":"http:\/\/www.eskisehirapartlar.net\/index.php?rest_route=\/wp\/v2\/pages\/27"}],"wp:attachment":[{"href":"http:\/\/www.eskisehirapartlar.net\/index.php?rest_route=%2Fwp%2Fv2%2Fmedia&parent=38"}],"curies":[{"name":"wp","href":"https:\/\/api.w.org\/{rel}","templated":true}]}}