{"id":29,"date":"2024-03-08T05:32:33","date_gmt":"2024-03-08T05:32:33","guid":{"rendered":"https:\/\/www.eskisehirapartlar.net\/?page_id=29"},"modified":"2024-03-11T00:45:31","modified_gmt":"2024-03-11T07:45:31","slug":"erkek-ogrenci-apartlari","status":"publish","type":"page","link":"https:\/\/www.eskisehirapartlar.net\/?page_id=29","title":{"rendered":"Erkek \u00d6\u011frenci Apartlar\u0131"},"content":{"rendered":"\n<p class=\"has-large-font-size\"><strong>\u00d6zne Apart<\/strong><\/p>\n\n\n\n<figure class=\"wp-block-image\"><img loading=\"lazy\" decoding=\"async\" width=\"540\" height=\"199\" src=\"http:\/\/www.eskisehirapartlar.net\/wp-content\/uploads\/2024\/03\/pano_1.jpg\" alt=\"\" class=\"wp-image-30\" srcset=\"https:\/\/www.eskisehirapartlar.net\/wp-content\/uploads\/2024\/03\/pano_1.jpg 540w, https:\/\/www.eskisehirapartlar.net\/wp-content\/uploads\/2024\/03\/pano_1-300x111.jpg 300w\" sizes=\"auto, (max-width: 540px) 100vw, 540px\" \/><\/figure>\n\n\n\n<p><strong>B\u00fct\u00fcn Odalar\u0131m\u0131z Tek Ki\u015filiktir ve Full E\u015fyal\u0131d\u0131r<\/strong><\/p>\n\n\n\n<p>\u2022 1 ki\u015filik full e\u015fyal\u0131 odalar<br><br>&#8211; Sand\u0131kl\u0131 baza + yatak<br>&#8211; Gardrop<br>&#8211; \u00c7al\u0131\u015fma masas\u0131 ve kitapl\u0131k \u00fcnitesi<br>&#8211; \u00c7al\u0131\u015fma masas\u0131 sandalyesi<br>&#8211; Komidin<br>&#8211; Dinlenme ve okuma koltu\u011fu<\/p>\n\n\n\n<p>\u2022 Tam donan\u0131ml\u0131 ba\u011f\u0131ms\u0131z balkonlu mutfak<br><br>&#8211; Balkonda \u00e7ama\u015f\u0131r makinas\u0131<br>&#8211; Tezgah alt\u0131 mini buzdolab\u0131<br>&#8211; Set\u00fcst\u00fc ocak<br>&#8211; T\u00fcm mutfak z\u00fcccaciyesi<br>&#8211; Televizyon<br>&#8211; Kahvalt\u0131 masas\u0131 ve 2 sandalye<\/p>\n\n\n\n<p>\u2022 Kombili<\/p>\n\n\n\n<p>\u2022 S\u0131n\u0131rs\u0131z internet<\/p>\n\n\n\n<p><br>Anadolu \u00dcniversitesi Yunusemre Kamp\u00fcs\u00fc Girisine 400 Metre Mesafede<br>Kent merkezine y\u00fcr\u00fcy\u00fc\u015f mesafesinde<\/p>\n\n\n\n<figure class=\"wp-block-image\"><img loading=\"lazy\" decoding=\"async\" width=\"540\" height=\"983\" src=\"http:\/\/www.eskisehirapartlar.net\/wp-content\/uploads\/2024\/03\/a002.jpg\" alt=\"\" class=\"wp-image-31\" srcset=\"https:\/\/www.eskisehirapartlar.net\/wp-content\/uploads\/2024\/03\/a002.jpg 540w, https:\/\/www.eskisehirapartlar.net\/wp-content\/uploads\/2024\/03\/a002-165x300.jpg 165w\" sizes=\"auto, (max-width: 540px) 100vw, 540px\" \/><\/figure>\n","protected":false},"excerpt":{"rendered":"<p>\u00d6zne Apart B\u00fct\u00fcn Odalar\u0131m\u0131z Tek Ki\u015filiktir ve Full E\u015fyal\u0131d\u0131r \u2022 1 ki\u015filik full e\u015fyal\u0131 odalar &#8211; Sand\u0131kl\u0131 baza + yatak&#8211; Gardrop&#8211; \u00c7al\u0131\u015fma masas\u0131 ve kitapl\u0131k \u00fcnitesi&#8211; \u00c7al\u0131\u015fma masas\u0131 sandalyesi&#8211; Komidin&#8211; Dinlenme ve okuma koltu\u011fu \u2022 Tam donan\u0131ml\u0131 ba\u011f\u0131ms\u0131z balkonlu mutfak &hellip; <a href=\"https:\/\/www.eskisehirapartlar.net\/?page_id=29\">Continue reading <span class=\"meta-nav\">&rarr;<\/span><\/a><\/p>\n","protected":false},"author":1,"featured_media":0,"parent":27,"menu_order":0,"comment_status":"closed","ping_status":"closed","template":"","meta":{"footnotes":""},"class_list":["post-29","page","type-page","status-publish","hentry"],"_links":{"self":[{"href":"https:\/\/www.eskisehirapartlar.net\/index.php?rest_route=\/wp\/v2\/pages\/29","targetHints":{"allow":["GET"]}}],"collection":[{"href":"https:\/\/www.eskisehirapartlar.net\/index.php?rest_route=\/wp\/v2\/pages"}],"about":[{"href":"https:\/\/www.eskisehirapartlar.net\/index.php?rest_route=\/wp\/v2\/types\/page"}],"author":[{"embeddable":true,"href":"https:\/\/www.eskisehirapartlar.net\/index.php?rest_route=\/wp\/v2\/users\/1"}],"replies":[{"embeddable":true,"href":"https:\/\/www.eskisehirapartlar.net\/index.php?rest_route=%2Fwp%2Fv2%2Fcomments&post=29"}],"version-history":[{"count":3,"href":"https:\/\/www.eskisehirapartlar.net\/index.php?rest_route=\/wp\/v2\/pages\/29\/revisions"}],"predecessor-version":[{"id":93,"href":"https:\/\/www.eskisehirapartlar.net\/index.php?rest_route=\/wp\/v2\/pages\/29\/revisions\/93"}],"up":[{"embeddable":true,"href":"https:\/\/www.eskisehirapartlar.net\/index.php?rest_route=\/wp\/v2\/pages\/27"}],"wp:attachment":[{"href":"https:\/\/www.eskisehirapartlar.net\/index.php?rest_route=%2Fwp%2Fv2%2Fmedia&parent=29"}],"curies":[{"name":"wp","href":"https:\/\/api.w.org\/{rel}","templated":true}]}}