{"id":44,"date":"2024-03-08T05:55:32","date_gmt":"2024-03-08T05:55:32","guid":{"rendered":"https:\/\/www.eskisehirapartlar.net\/?page_id=44"},"modified":"2024-03-08T07:43:46","modified_gmt":"2024-03-08T07:43:46","slug":"erkek-ogrenci-yurtlari","status":"publish","type":"page","link":"https:\/\/www.eskisehirapartlar.net\/?page_id=44","title":{"rendered":"Erkek \u00d6\u011frenci Yurtlar\u0131"},"content":{"rendered":"\n<p class=\"has-large-font-size\"><strong>Ege Apart OG\u00dc Erkek \u00d6\u011frenci<\/strong><\/p>\n\n\n\n<figure class=\"wp-block-image\"><img loading=\"lazy\" decoding=\"async\" width=\"1283\" height=\"730\" src=\"http:\/\/www.eskisehirapartlar.net\/wp-content\/uploads\/2024\/03\/Screenshot-2024-03-08-135303.png\" alt=\"\" class=\"wp-image-45\" srcset=\"https:\/\/www.eskisehirapartlar.net\/wp-content\/uploads\/2024\/03\/Screenshot-2024-03-08-135303.png 1283w, https:\/\/www.eskisehirapartlar.net\/wp-content\/uploads\/2024\/03\/Screenshot-2024-03-08-135303-300x171.png 300w, https:\/\/www.eskisehirapartlar.net\/wp-content\/uploads\/2024\/03\/Screenshot-2024-03-08-135303-1024x583.png 1024w, https:\/\/www.eskisehirapartlar.net\/wp-content\/uploads\/2024\/03\/Screenshot-2024-03-08-135303-768x437.png 768w\" sizes=\"auto, (max-width: 1283px) 100vw, 1283px\" \/><\/figure>\n\n\n\n<p>ngazi \u00dcniversitesine En Yak\u0131n Erkek \u00d6\u011frenci Apart\u0131<\/p>\n\n\n\n<p><strong>ERKEK \u00d6\u011eRENC\u0130LER \u0130\u00c7\u0130N<\/strong><br><br><strong>YEN\u0130 D\u00d6NEM KAYITLARIMIZ BA\u015eLAMI\u015eTIR<\/strong><br><br><strong>OSMANGAZ\u0130 \u00dcN\u0130VERS\u0130TES\u0130NE 500 m Y\u00dcR\u00dcME MESAFES\u0130<br>KAL\u0130TE KONFOR VE F\u0130YAT AVANTAJIYLA D\u0130\u011eERLER\u0130NDEN FARKLILI\u011eI EGE SUIT APART&#8217;DA YA\u015eAYIN<\/strong><\/p>\n\n\n\n<p><strong>T.C Milli E\u011fitim Bakanl\u0131\u011f\u0131 Eski\u015fehir \u00d6zel Ege Y\u00fcksek\u00f6\u011fretim Erkek \u00d6\u011frenci Apart\u0131<br><br>5580 \u00d6zel \u00d6\u011fretim Kurumlar\u0131 Kanunu yeni \u00d6zel \u00d6\u011frenci Bar\u0131nma Hizmetleri y\u00f6netmeli\u011fine g\u00f6re Milli E\u011fitim Bakanl\u0131\u011f\u0131na ba\u011flanan Eski\u015fehir&#8217;deki ilk ve tek apartt\u0131r.<\/strong><\/p>\n\n\n\n<p><strong>APARTIMIZDA HER\u015eEY DAH\u0130L S\u0130STEM UYGULANMAKTADIR.<\/strong><\/p>\n\n\n\n<p>Do\u011falgaz-Elektrik-Su-\u0130nternet Kira \u00dccretine dahildir24 saat \u00f6zel g\u00fcvenlik ve Kameral\u0131 g\u00fcvenlik sistemiHer odada kablolu ve kablosuz s\u0131n\u0131rs\u0131z internet eri\u015fimiY\u0131l boyu \u00fccrete dahil temizlik hizmeti\u00d6zel dizayn edilmi\u015f 1+0 ve 1+1 suit daireler1 veya 2 ki\u015filik ferah ve ayd\u0131nl\u0131k odalar24 saat s\u0131cak su (Herhangi bir kota veya saat uygulamas\u0131 yoktur)Her dairede donan\u0131ml\u0131 mutfak,do\u011falgazl\u0131 ocak, banyo, wcHer \u00f6\u011frenciye ait buzdolab\u0131 \u00e7al\u0131\u015fma masas\u0131,tam ortapedik yatakl\u0131 karyola,gardropKalabak suyu doldurma hizmetiDaire kap\u0131lar\u0131ndan \u00e7\u00f6plerin al\u0131nmas\u0131-Kat temizli\u011fi-Daire temizli\u011fiKamp\u00fcse 5 dk y\u00fcr\u00fcme mesafesiS\u00f6zle\u015fme 10 ay \u00fczerinden yap\u0131lmaktad\u0131rS\u00f6zle\u015fmenin biti\u015f tarihi 1 Temmuz\u2019dur.Pe\u015fin \u00d6demelerde 500tl indirim uygulanmaktad\u0131r.<\/p>\n\n\n\n<p>Detayl\u0131 bilgi i\u00e7in sitemizi ziyaret ediniz..<\/p>\n\n\n\n<figure class=\"wp-block-image\"><img loading=\"lazy\" decoding=\"async\" width=\"600\" height=\"1312\" src=\"http:\/\/www.eskisehirapartlar.net\/wp-content\/uploads\/2024\/03\/ege_erkek_apart_01.jpg\" alt=\"\" class=\"wp-image-46\" srcset=\"https:\/\/www.eskisehirapartlar.net\/wp-content\/uploads\/2024\/03\/ege_erkek_apart_01.jpg 600w, https:\/\/www.eskisehirapartlar.net\/wp-content\/uploads\/2024\/03\/ege_erkek_apart_01-137x300.jpg 137w, https:\/\/www.eskisehirapartlar.net\/wp-content\/uploads\/2024\/03\/ege_erkek_apart_01-468x1024.jpg 468w\" sizes=\"auto, (max-width: 600px) 100vw, 600px\" \/><\/figure>\n","protected":false},"excerpt":{"rendered":"<p>Ege Apart OG\u00dc Erkek \u00d6\u011frenci ngazi \u00dcniversitesine En Yak\u0131n Erkek \u00d6\u011frenci Apart\u0131 ERKEK \u00d6\u011eRENC\u0130LER \u0130\u00c7\u0130N YEN\u0130 D\u00d6NEM KAYITLARIMIZ BA\u015eLAMI\u015eTIR OSMANGAZ\u0130 \u00dcN\u0130VERS\u0130TES\u0130NE 500 m Y\u00dcR\u00dcME MESAFES\u0130KAL\u0130TE KONFOR VE F\u0130YAT AVANTAJIYLA D\u0130\u011eERLER\u0130NDEN FARKLILI\u011eI EGE SUIT APART&#8217;DA YA\u015eAYIN T.C Milli E\u011fitim Bakanl\u0131\u011f\u0131 Eski\u015fehir &hellip; <a href=\"https:\/\/www.eskisehirapartlar.net\/?page_id=44\">Continue reading <span class=\"meta-nav\">&rarr;<\/span><\/a><\/p>\n","protected":false},"author":1,"featured_media":0,"parent":27,"menu_order":1,"comment_status":"closed","ping_status":"closed","template":"","meta":{"footnotes":""},"class_list":["post-44","page","type-page","status-publish","hentry"],"_links":{"self":[{"href":"https:\/\/www.eskisehirapartlar.net\/index.php?rest_route=\/wp\/v2\/pages\/44","targetHints":{"allow":["GET"]}}],"collection":[{"href":"https:\/\/www.eskisehirapartlar.net\/index.php?rest_route=\/wp\/v2\/pages"}],"about":[{"href":"https:\/\/www.eskisehirapartlar.net\/index.php?rest_route=\/wp\/v2\/types\/page"}],"author":[{"embeddable":true,"href":"https:\/\/www.eskisehirapartlar.net\/index.php?rest_route=\/wp\/v2\/users\/1"}],"replies":[{"embeddable":true,"href":"https:\/\/www.eskisehirapartlar.net\/index.php?rest_route=%2Fwp%2Fv2%2Fcomments&post=44"}],"version-history":[{"count":3,"href":"https:\/\/www.eskisehirapartlar.net\/index.php?rest_route=\/wp\/v2\/pages\/44\/revisions"}],"predecessor-version":[{"id":104,"href":"https:\/\/www.eskisehirapartlar.net\/index.php?rest_route=\/wp\/v2\/pages\/44\/revisions\/104"}],"up":[{"embeddable":true,"href":"https:\/\/www.eskisehirapartlar.net\/index.php?rest_route=\/wp\/v2\/pages\/27"}],"wp:attachment":[{"href":"https:\/\/www.eskisehirapartlar.net\/index.php?rest_route=%2Fwp%2Fv2%2Fmedia&parent=44"}],"curies":[{"name":"wp","href":"https:\/\/api.w.org\/{rel}","templated":true}]}}