{"id":50,"date":"2024-03-08T06:14:28","date_gmt":"2024-03-08T06:14:28","guid":{"rendered":"https:\/\/www.eskisehirapartlar.net\/?page_id=50"},"modified":"2024-03-08T07:25:13","modified_gmt":"2024-03-08T07:25:13","slug":"kyk-kiz-ogrenci-yurtlari","status":"publish","type":"page","link":"https:\/\/www.eskisehirapartlar.net\/?page_id=50","title":{"rendered":"KYK K\u0131z \u00d6\u011frenci Yurtlar\u0131"},"content":{"rendered":"\n<p class=\"has-large-font-size\"><strong>KYK Cumhuriyet K\u0131z \u00d6\u011frenci Yurdu<\/strong><\/p>\n\n\n\n<p>Eski\u015fehir Kredi Yurtlar Kurumu K\u0131z \u00d6\u011frenci Yurdu<\/p>\n\n\n\n<figure class=\"wp-block-image\"><img loading=\"lazy\" decoding=\"async\" width=\"650\" height=\"433\" src=\"http:\/\/www.eskisehirapartlar.net\/wp-content\/uploads\/2024\/03\/001-1.jpg\" alt=\"\" class=\"wp-image-51\" srcset=\"https:\/\/www.eskisehirapartlar.net\/wp-content\/uploads\/2024\/03\/001-1.jpg 650w, https:\/\/www.eskisehirapartlar.net\/wp-content\/uploads\/2024\/03\/001-1-300x200.jpg 300w\" sizes=\"auto, (max-width: 650px) 100vw, 650px\" \/><\/figure>\n\n\n\n<p>Eski\u015fehir Kredi Yurtlar Kurumu K\u0131z \u00d6\u011frenci Yurdu<\/p>\n\n\n\n<figure class=\"wp-block-image\"><img loading=\"lazy\" decoding=\"async\" width=\"1293\" height=\"729\" src=\"http:\/\/www.eskisehirapartlar.net\/wp-content\/uploads\/2024\/03\/Screenshot-2024-03-08-141219.png\" alt=\"\" class=\"wp-image-52\" srcset=\"https:\/\/www.eskisehirapartlar.net\/wp-content\/uploads\/2024\/03\/Screenshot-2024-03-08-141219.png 1293w, https:\/\/www.eskisehirapartlar.net\/wp-content\/uploads\/2024\/03\/Screenshot-2024-03-08-141219-300x169.png 300w, https:\/\/www.eskisehirapartlar.net\/wp-content\/uploads\/2024\/03\/Screenshot-2024-03-08-141219-1024x577.png 1024w, https:\/\/www.eskisehirapartlar.net\/wp-content\/uploads\/2024\/03\/Screenshot-2024-03-08-141219-768x433.png 768w\" sizes=\"auto, (max-width: 1293px) 100vw, 1293px\" \/><\/figure>\n\n\n\n<figure class=\"wp-block-image\"><img loading=\"lazy\" decoding=\"async\" width=\"1288\" height=\"733\" src=\"http:\/\/www.eskisehirapartlar.net\/wp-content\/uploads\/2024\/03\/Screenshot-2024-03-08-141231.png\" alt=\"\" class=\"wp-image-53\" srcset=\"https:\/\/www.eskisehirapartlar.net\/wp-content\/uploads\/2024\/03\/Screenshot-2024-03-08-141231.png 1288w, https:\/\/www.eskisehirapartlar.net\/wp-content\/uploads\/2024\/03\/Screenshot-2024-03-08-141231-300x171.png 300w, https:\/\/www.eskisehirapartlar.net\/wp-content\/uploads\/2024\/03\/Screenshot-2024-03-08-141231-1024x583.png 1024w, https:\/\/www.eskisehirapartlar.net\/wp-content\/uploads\/2024\/03\/Screenshot-2024-03-08-141231-768x437.png 768w\" sizes=\"auto, (max-width: 1288px) 100vw, 1288px\" \/><\/figure>\n","protected":false},"excerpt":{"rendered":"<p>KYK Cumhuriyet K\u0131z \u00d6\u011frenci Yurdu Eski\u015fehir Kredi Yurtlar Kurumu K\u0131z \u00d6\u011frenci Yurdu Eski\u015fehir Kredi Yurtlar Kurumu K\u0131z \u00d6\u011frenci Yurdu<\/p>\n","protected":false},"author":1,"featured_media":0,"parent":27,"menu_order":5,"comment_status":"closed","ping_status":"closed","template":"","meta":{"footnotes":""},"class_list":["post-50","page","type-page","status-publish","hentry"],"_links":{"self":[{"href":"https:\/\/www.eskisehirapartlar.net\/index.php?rest_route=\/wp\/v2\/pages\/50","targetHints":{"allow":["GET"]}}],"collection":[{"href":"https:\/\/www.eskisehirapartlar.net\/index.php?rest_route=\/wp\/v2\/pages"}],"about":[{"href":"https:\/\/www.eskisehirapartlar.net\/index.php?rest_route=\/wp\/v2\/types\/page"}],"author":[{"embeddable":true,"href":"https:\/\/www.eskisehirapartlar.net\/index.php?rest_route=\/wp\/v2\/users\/1"}],"replies":[{"embeddable":true,"href":"https:\/\/www.eskisehirapartlar.net\/index.php?rest_route=%2Fwp%2Fv2%2Fcomments&post=50"}],"version-history":[{"count":2,"href":"https:\/\/www.eskisehirapartlar.net\/index.php?rest_route=\/wp\/v2\/pages\/50\/revisions"}],"predecessor-version":[{"id":97,"href":"https:\/\/www.eskisehirapartlar.net\/index.php?rest_route=\/wp\/v2\/pages\/50\/revisions\/97"}],"up":[{"embeddable":true,"href":"https:\/\/www.eskisehirapartlar.net\/index.php?rest_route=\/wp\/v2\/pages\/27"}],"wp:attachment":[{"href":"https:\/\/www.eskisehirapartlar.net\/index.php?rest_route=%2Fwp%2Fv2%2Fmedia&parent=50"}],"curies":[{"name":"wp","href":"https:\/\/api.w.org\/{rel}","templated":true}]}}