{"id":65,"date":"2024-03-08T06:35:39","date_gmt":"2024-03-08T06:35:39","guid":{"rendered":"https:\/\/www.eskisehirapartlar.net\/?page_id=65"},"modified":"2024-03-08T07:40:23","modified_gmt":"2024-03-08T07:40:23","slug":"beller-erkek-apart","status":"publish","type":"page","link":"https:\/\/www.eskisehirapartlar.net\/?page_id=65","title":{"rendered":"Beller Erkek Apart"},"content":{"rendered":"\n<p class=\"has-large-font-size\"><strong>Yeni Adresiniz, Yeni Evinizdir<\/strong><\/p>\n\n\n\n<figure class=\"wp-block-image\"><img loading=\"lazy\" decoding=\"async\" width=\"1298\" height=\"733\" src=\"http:\/\/www.eskisehirapartlar.net\/wp-content\/uploads\/2024\/03\/Screenshot-2024-03-08-143358.png\" alt=\"\" class=\"wp-image-66\" srcset=\"https:\/\/www.eskisehirapartlar.net\/wp-content\/uploads\/2024\/03\/Screenshot-2024-03-08-143358.png 1298w, https:\/\/www.eskisehirapartlar.net\/wp-content\/uploads\/2024\/03\/Screenshot-2024-03-08-143358-300x169.png 300w, https:\/\/www.eskisehirapartlar.net\/wp-content\/uploads\/2024\/03\/Screenshot-2024-03-08-143358-1024x578.png 1024w, https:\/\/www.eskisehirapartlar.net\/wp-content\/uploads\/2024\/03\/Screenshot-2024-03-08-143358-768x434.png 768w\" sizes=\"auto, (max-width: 1298px) 100vw, 1298px\" \/><\/figure>\n\n\n\n<p>Eski\u015fehir&#8217;de 12 y\u0131ll\u0131k tecr\u00fcbesi ile temiz, titiz ve g\u00fcvenli bir ortam sa\u011flamay\u0131 kendine prensip edinmi\u015f olan apart\u0131m\u0131z, sizlerin Eski\u015fehir&#8217;de ki yeni adresiniz yeni evinizdir.<\/p>\n\n\n\n<p>Anadolu \u00dcniversitesi Yunusemre Kamp\u00fcs\u00fc Y\u00fcr\u00fcy\u00fc\u015f Yolu \u0130le 10 Dakika Mesafe<\/p>\n\n\n\n<p>Anadolu \u00dcniversitesi \u0130kieyl\u00fcl Kamp\u00fcs\u00fc Ara\u00e7 \u0130le Ula\u015f\u0131m 5 Dakika<\/p>\n\n\n\n<p>Osmangazi \u00dcniversitesi Tek Ara\u00e7 \u0130le 20 Dk. Ula\u015f\u0131m Mesafesinde<\/p>\n\n\n\n<p>Tren \u0130stasyonu 10 Dakika Y\u00fcr\u00fcy\u00fc\u015f Mesafesi<\/p>\n\n\n\n<p><strong>Sessiz ve Nezih Ortam<\/strong><\/p>\n\n\n\n<p>Do\u011fal KaloriferliDo\u011falgaz Ocak (Emniyet Kilitli)Et\u00fcd ve Dinlenme B\u00f6l\u00fcm\u00fc, Plazma TVOdalarda \u0130nternet (S\u0131n\u0131rs\u0131z) Kablosuz WirelessHer Odada Buzdolab\u0131, GardorapAr\u0131tma \u0130\u00e7me Suyu \u00dccretsiz\u00c7ama\u015f\u0131r Makinas\u0131 ve \u00dct\u00fc \u00dccretsiz24 Saat S\u0131cak SuRahat, A\u00e7\u0131k Manzaral\u0131 OdalarKamera Sistemli 24 Saat G\u00fcvenlikMarkete \u00c7ok Yak\u0131nYe\u015fil Bah\u00e7eKatlarda Mutfak, Dinlenme B\u00f6l\u00fcm\u00fc TVDijital Is\u0131tma Sistemi Merkezi Hava Atmosferli<\/p>\n\n\n\n<p><strong>FULL E\u015eYALI G\u0130DERLER APARTA A\u0130TT\u0130R<\/strong><\/p>\n\n\n\n<p>Apart\u0131m\u0131z Spor Aktiviteleri \u0130\u00e7in Y\u00fcr\u00fcy\u00fc\u015f Mesafesinde An\u0131tpark&#8217;a \u00c7ok Yak\u0131nd\u0131r<\/p>\n\n\n\n<p>Haftada 2 Kez Halk Pazar\u0131 Ekonomik S\u00fcpermarketlerin de Bulundu\u011fu Noktadad\u0131r..<\/p>\n\n\n\n<p><strong>Her Katta Ortak Kullan\u0131m Mutfak Sistemi Hizmetinize Sunulmu\u015ftur<\/strong><\/p>\n\n\n\n<figure class=\"wp-block-image\"><img loading=\"lazy\" decoding=\"async\" width=\"600\" height=\"1310\" src=\"http:\/\/www.eskisehirapartlar.net\/wp-content\/uploads\/2024\/03\/bellerapart001.jpg\" alt=\"\" class=\"wp-image-67\" srcset=\"https:\/\/www.eskisehirapartlar.net\/wp-content\/uploads\/2024\/03\/bellerapart001.jpg 600w, https:\/\/www.eskisehirapartlar.net\/wp-content\/uploads\/2024\/03\/bellerapart001-137x300.jpg 137w, https:\/\/www.eskisehirapartlar.net\/wp-content\/uploads\/2024\/03\/bellerapart001-469x1024.jpg 469w\" sizes=\"auto, (max-width: 600px) 100vw, 600px\" \/><\/figure>\n","protected":false},"excerpt":{"rendered":"<p>Yeni Adresiniz, Yeni Evinizdir Eski\u015fehir&#8217;de 12 y\u0131ll\u0131k tecr\u00fcbesi ile temiz, titiz ve g\u00fcvenli bir ortam sa\u011flamay\u0131 kendine prensip edinmi\u015f olan apart\u0131m\u0131z, sizlerin Eski\u015fehir&#8217;de ki yeni adresiniz yeni evinizdir. Anadolu \u00dcniversitesi Yunusemre Kamp\u00fcs\u00fc Y\u00fcr\u00fcy\u00fc\u015f Yolu \u0130le 10 Dakika Mesafe Anadolu \u00dcniversitesi &hellip; <a href=\"https:\/\/www.eskisehirapartlar.net\/?page_id=65\">Continue reading <span class=\"meta-nav\">&rarr;<\/span><\/a><\/p>\n","protected":false},"author":1,"featured_media":0,"parent":55,"menu_order":2,"comment_status":"closed","ping_status":"closed","template":"","meta":{"footnotes":""},"class_list":["post-65","page","type-page","status-publish","hentry"],"_links":{"self":[{"href":"https:\/\/www.eskisehirapartlar.net\/index.php?rest_route=\/wp\/v2\/pages\/65","targetHints":{"allow":["GET"]}}],"collection":[{"href":"https:\/\/www.eskisehirapartlar.net\/index.php?rest_route=\/wp\/v2\/pages"}],"about":[{"href":"https:\/\/www.eskisehirapartlar.net\/index.php?rest_route=\/wp\/v2\/types\/page"}],"author":[{"embeddable":true,"href":"https:\/\/www.eskisehirapartlar.net\/index.php?rest_route=\/wp\/v2\/users\/1"}],"replies":[{"embeddable":true,"href":"https:\/\/www.eskisehirapartlar.net\/index.php?rest_route=%2Fwp%2Fv2%2Fcomments&post=65"}],"version-history":[{"count":2,"href":"https:\/\/www.eskisehirapartlar.net\/index.php?rest_route=\/wp\/v2\/pages\/65\/revisions"}],"predecessor-version":[{"id":101,"href":"https:\/\/www.eskisehirapartlar.net\/index.php?rest_route=\/wp\/v2\/pages\/65\/revisions\/101"}],"up":[{"embeddable":true,"href":"https:\/\/www.eskisehirapartlar.net\/index.php?rest_route=\/wp\/v2\/pages\/55"}],"wp:attachment":[{"href":"https:\/\/www.eskisehirapartlar.net\/index.php?rest_route=%2Fwp%2Fv2%2Fmedia&parent=65"}],"curies":[{"name":"wp","href":"https:\/\/api.w.org\/{rel}","templated":true}]}}