{"id":69,"date":"2024-03-08T06:39:42","date_gmt":"2024-03-08T06:39:42","guid":{"rendered":"https:\/\/www.eskisehirapartlar.net\/?page_id=69"},"modified":"2024-03-08T07:40:49","modified_gmt":"2024-03-08T07:40:49","slug":"anatolia-kiz-apartlari","status":"publish","type":"page","link":"https:\/\/www.eskisehirapartlar.net\/?page_id=69","title":{"rendered":"Anatolia K\u0131z Apartlar\u0131"},"content":{"rendered":"\n<p class=\"has-large-font-size\"><strong>Hizmet Kalitemiz<\/strong><\/p>\n\n\n\n<figure class=\"wp-block-image\"><img loading=\"lazy\" decoding=\"async\" width=\"890\" height=\"734\" src=\"http:\/\/www.eskisehirapartlar.net\/wp-content\/uploads\/2024\/03\/Screenshot-2024-03-08-143717.png\" alt=\"\" class=\"wp-image-70\" srcset=\"https:\/\/www.eskisehirapartlar.net\/wp-content\/uploads\/2024\/03\/Screenshot-2024-03-08-143717.png 890w, https:\/\/www.eskisehirapartlar.net\/wp-content\/uploads\/2024\/03\/Screenshot-2024-03-08-143717-300x247.png 300w, https:\/\/www.eskisehirapartlar.net\/wp-content\/uploads\/2024\/03\/Screenshot-2024-03-08-143717-768x633.png 768w\" sizes=\"auto, (max-width: 890px) 100vw, 890px\" \/><\/figure>\n\n\n\n<p><strong>Daireler<\/strong><\/p>\n\n\n\n<p>&#8211; 1 ve 2 ki\u015filik, iki oda ve mutfak-salondan olu\u015fan ferah, ba\u011f\u0131ms\u0131z daireler<\/p>\n\n\n\n<p>&#8211; Odalarda be\u015f y\u0131ld\u0131zl\u0131 otel kalitesinde yataklar<\/p>\n\n\n\n<p>&#8211; Herkese ayr\u0131 \u00e7al\u0131\u015fma masas\u0131, b\u00fcro tipi sandalye ,kilitlenebilir gardolap ve kitapl\u0131k<\/p>\n\n\n\n<p>&#8211; Her odada merkezi sistem kablolu yay\u0131n yapan LCD televizyon<\/p>\n\n\n\n<p>&#8211; Mutfakta; buzdolab\u0131, mikrodalga f\u0131r\u0131n, do\u011falgazl\u0131 ankastre cam ocak ve yemek masas\u0131<\/p>\n\n\n\n<p>&#8211; Banyoda; cam du\u015fkabin, banyo dolab\u0131 ve havlupan, 24 saat kesintisiz s\u0131cak su<\/p>\n\n\n\n<p>&#8211; Merkezi Buderus marka do\u011falgaz \u0131s\u0131tma sistemi<\/p>\n\n\n\n<p>&#8211; Fiberoptik altyap\u0131l\u0131, y\u00fcksek h\u0131zda kesintisiz kablolu ve kablosuz \u0130nternet ba\u011flant\u0131s\u0131<\/p>\n\n\n\n<p>&#8211; Standartlar\u0131n \u00e7ok \u00fczerinde, \u00fcst\u00fcn \u0131s\u0131 ve ses yal\u0131t\u0131m\u0131<\/p>\n\n\n\n<p>&#8211; Her odada kapal\u0131 devre telefon sistemi<\/p>\n\n\n\n<p><strong>Ortak Alanlar<\/strong><\/p>\n\n\n\n<p>&#8211; Fitness Salonu (Plates ve Aerobik e\u011fitmeni e\u015fli\u011finde)<\/p>\n\n\n\n<p>&#8211; Dinlenme salonu (\u00c7e\u015fitli Oyunlar,Sinema Keyfi)<\/p>\n\n\n\n<p>&#8211; Masa tenisi Salonu<\/p>\n\n\n\n<p>&#8211; K\u00fct\u00fcphane ve et\u00fcd alanlar\u0131<\/p>\n\n\n\n<p>&#8211; Yaz bah\u00e7esi<\/p>\n\n\n\n<p>&#8211; Ebeveynler i\u00e7in misafir dairesi<\/p>\n\n\n\n<p>&#8211; \u00c7ama\u015f\u0131rhane,kurutma odas\u0131 ve \u00fct\u00fc kullanma imkan\u0131<\/p>\n\n\n\n<p>&#8211; Mescit<\/p>\n\n\n\n<p>&#8211; Bavul ve emanet odas\u0131<\/p>\n\n\n\n<p>&#8211; Daire ve kat temizlik hizmetleri<\/p>\n\n\n\n<p><strong>G\u00fcvenli Ya\u015fam<\/strong><\/p>\n\n\n\n<p>&#8211; Y\u00fcksek deprem emniyetli, 2011 y\u0131lnda in\u015fa edilen yeni bina<\/p>\n\n\n\n<p>&#8211; Y\u00fcksek kaliteli malzeme, standartlar\u0131n \u00e7ok \u00fcst\u00fcnde in\u015fa edilmi\u015f yap\u0131<\/p>\n\n\n\n<p>&#8211; \u00c7a\u011fda\u015f ve modern tasar\u0131m \u00fcr\u00fcn\u00fc mobilyalarla tefri\u015f edilmi\u015f mekanlar<\/p>\n\n\n\n<p>&#8211; Her dairede duman ve do\u011falgaz dedekt\u00f6rleri, merkezi yang\u0131n alarm sistemi<\/p>\n\n\n\n<p>&#8211; Giri\u015fte 24 saat g\u00fcvenlik g\u00f6revlisi. 32 adet g\u00fcvenlik kameras\u0131yla, bina ortak alanlar\u0131 ile bina d\u0131\u015f\u0131ndaki hareketlili\u011fin kay\u0131t alt\u0131na al\u0131nmas\u0131.<\/p>\n\n\n\n<p>&#8211; Ki\u015fiye \u00f6zel tan\u0131ml\u0131 kartl\u0131 ge\u00e7i\u015f sistemi<\/p>\n\n\n\n<p>&#8211; Otomobiliniz varsa, c\u00fczi bir \u00fccret kar\u015f\u0131l\u0131\u011f\u0131nda, kapal\u0131 otopark hizmeti<\/p>\n\n\n\n<p><strong>Sosyal Faaliyetler<\/strong><\/p>\n\n\n\n<p>&#8211; Periyodik olarak yap\u0131lan sosyal aktiviteler, m\u00fcze gezisi, do\u011fa y\u00fcr\u00fcy\u00fc\u015fleri v.b.<\/p>\n\n\n\n<p>&#8211; Eski\u015fehir civar\u0131ndaki tarihi mekanlara yap\u0131lan k\u00fclt\u00fcrel geziler<\/p>\n\n\n\n<p>&#8211; Anla\u015fmal\u0131 bayan kuaf\u00f6r, lokanta ve fotokopi\/yaz\u0131c\u0131 hizmetleri<\/p>\n\n\n\n<figure class=\"wp-block-image\"><img loading=\"lazy\" decoding=\"async\" width=\"600\" height=\"1173\" src=\"http:\/\/www.eskisehirapartlar.net\/wp-content\/uploads\/2024\/03\/anatolia_apart_1.jpg\" alt=\"\" class=\"wp-image-71\" srcset=\"https:\/\/www.eskisehirapartlar.net\/wp-content\/uploads\/2024\/03\/anatolia_apart_1.jpg 600w, https:\/\/www.eskisehirapartlar.net\/wp-content\/uploads\/2024\/03\/anatolia_apart_1-153x300.jpg 153w, https:\/\/www.eskisehirapartlar.net\/wp-content\/uploads\/2024\/03\/anatolia_apart_1-524x1024.jpg 524w\" sizes=\"auto, (max-width: 600px) 100vw, 600px\" \/><\/figure>\n","protected":false},"excerpt":{"rendered":"<p>Hizmet Kalitemiz Daireler &#8211; 1 ve 2 ki\u015filik, iki oda ve mutfak-salondan olu\u015fan ferah, ba\u011f\u0131ms\u0131z daireler &#8211; Odalarda be\u015f y\u0131ld\u0131zl\u0131 otel kalitesinde yataklar &#8211; Herkese ayr\u0131 \u00e7al\u0131\u015fma masas\u0131, b\u00fcro tipi sandalye ,kilitlenebilir gardolap ve kitapl\u0131k &#8211; Her odada merkezi sistem &hellip; <a href=\"https:\/\/www.eskisehirapartlar.net\/?page_id=69\">Continue reading <span class=\"meta-nav\">&rarr;<\/span><\/a><\/p>\n","protected":false},"author":1,"featured_media":0,"parent":55,"menu_order":3,"comment_status":"closed","ping_status":"closed","template":"","meta":{"footnotes":""},"class_list":["post-69","page","type-page","status-publish","hentry"],"_links":{"self":[{"href":"https:\/\/www.eskisehirapartlar.net\/index.php?rest_route=\/wp\/v2\/pages\/69","targetHints":{"allow":["GET"]}}],"collection":[{"href":"https:\/\/www.eskisehirapartlar.net\/index.php?rest_route=\/wp\/v2\/pages"}],"about":[{"href":"https:\/\/www.eskisehirapartlar.net\/index.php?rest_route=\/wp\/v2\/types\/page"}],"author":[{"embeddable":true,"href":"https:\/\/www.eskisehirapartlar.net\/index.php?rest_route=\/wp\/v2\/users\/1"}],"replies":[{"embeddable":true,"href":"https:\/\/www.eskisehirapartlar.net\/index.php?rest_route=%2Fwp%2Fv2%2Fcomments&post=69"}],"version-history":[{"count":2,"href":"https:\/\/www.eskisehirapartlar.net\/index.php?rest_route=\/wp\/v2\/pages\/69\/revisions"}],"predecessor-version":[{"id":102,"href":"https:\/\/www.eskisehirapartlar.net\/index.php?rest_route=\/wp\/v2\/pages\/69\/revisions\/102"}],"up":[{"embeddable":true,"href":"https:\/\/www.eskisehirapartlar.net\/index.php?rest_route=\/wp\/v2\/pages\/55"}],"wp:attachment":[{"href":"https:\/\/www.eskisehirapartlar.net\/index.php?rest_route=%2Fwp%2Fv2%2Fmedia&parent=69"}],"curies":[{"name":"wp","href":"https:\/\/api.w.org\/{rel}","templated":true}]}}