{"id":73,"date":"2024-03-08T06:44:23","date_gmt":"2024-03-08T06:44:23","guid":{"rendered":"https:\/\/www.eskisehirapartlar.net\/?page_id=73"},"modified":"2024-03-08T07:41:17","modified_gmt":"2024-03-08T07:41:17","slug":"guven-erkek-ogrenci-evi","status":"publish","type":"page","link":"https:\/\/www.eskisehirapartlar.net\/?page_id=73","title":{"rendered":"G\u00fcven Erkek \u00d6\u011frenci Evi"},"content":{"rendered":"\n<p class=\"has-large-font-size\"><strong>G\u00fcvendesiniz<\/strong><\/p>\n\n\n\n<figure class=\"wp-block-image\"><img loading=\"lazy\" decoding=\"async\" width=\"885\" height=\"885\" src=\"http:\/\/www.eskisehirapartlar.net\/wp-content\/uploads\/2024\/03\/Screenshot-2024-03-08-144230.png\" alt=\"\" class=\"wp-image-74\" srcset=\"https:\/\/www.eskisehirapartlar.net\/wp-content\/uploads\/2024\/03\/Screenshot-2024-03-08-144230.png 885w, https:\/\/www.eskisehirapartlar.net\/wp-content\/uploads\/2024\/03\/Screenshot-2024-03-08-144230-300x300.png 300w, https:\/\/www.eskisehirapartlar.net\/wp-content\/uploads\/2024\/03\/Screenshot-2024-03-08-144230-150x150.png 150w, https:\/\/www.eskisehirapartlar.net\/wp-content\/uploads\/2024\/03\/Screenshot-2024-03-08-144230-768x768.png 768w\" sizes=\"auto, (max-width: 885px) 100vw, 885px\" \/><\/figure>\n\n\n\n<p><strong>Temizlik, Rahat Bir Ortam, \u00c7a\u011fda\u015f Hizmet G\u00fcven\u2019de<br>Gelin G\u00f6r\u00fcn Karar\u0131 Siz Verin&#8230;<\/strong><br><br><br>&#8211; \u00dcniversitelere ve \u015eehir Merkezine Ula\u015f\u0131m Kolayl\u0131\u011f\u0131 (Anadolu \u00dcniversitesine 500 Metre)<br>&#8211; Yal\u0131t\u0131ml\u0131 Olan Binam\u0131zda Merkezi Is\u0131tma Mevcuttur<br>&#8211; Binam\u0131z Yeni Olup Deprem Y\u00f6netmeli\u011fine Uygun Olarak \u0130n\u015fa Edilmi\u015ftir<br>&#8211; Son Derce Ekonomik Fiyatlarla Evinizdeki Rahat ve Huzur ve S\u0131cakl\u0131\u011f\u0131 Aratmayacak \u015eekilde Sizlerin Hizmetine Sunulmu\u015ftur.<br><\/p>\n\n\n\n<h3 class=\"wp-block-heading\">G\u00fcvendesiniz\u2026<\/h3>\n\n\n\n<p>1 ve 2 Ki\u015filik OdalarOrtak Alan ve Oda Temizli\u011fiWireless \u0130nternet24 Saat S\u0131cak Su24 Saat G\u00fcvenlik<\/p>\n\n\n\n<p><strong>G\u00fcven Erkek Apart<\/strong>&nbsp;olarak 2005 y\u0131l\u0131ndan bu yana, \u00f6zel yurt\/apart i\u015fletmecili\u011fi ilke ve ama\u00e7lar\u0131 do\u011frultusunda, Atat\u00fcrk\u00e7\u00fc, \u00e7a\u011fda\u015f, evrensel, laik ve bilimsel apart hizmeti sunmaktay\u0131z.<\/p>\n\n\n\n<p><strong>Verilen hizmetler \u00e7er\u00e7evesinde;<\/strong><\/p>\n\n\n\n<p>* kaliteyi ya\u015fam bi\u00e7imi olarak benimsemek<br>* s\u00fcreklili\u011fini sa\u011flamak ve iyile\u015ftirmek,<br>* \u00f6\u011frenci, veli ve \u00e7al\u0131\u015fanlar\u0131m\u0131z\u0131n memnuniyetini sa\u011flamak<br>* apart\u0131m\u0131z\u0131n g\u00fcvenli\u011fini ve sayg\u0131nl\u0131\u011f\u0131n\u0131 art\u0131rmak,<br>verilen hizmetlerin s\u00fcreklili\u011fini ve geli\u015fimini g\u00fcvence alt\u0131na almak hedeflerimizdir.<\/p>\n\n\n\n<p><strong>G\u00fcven Erkek Apart<\/strong>\u2019\u0131 son derece ekonomik fiyatlarla, evinizdeki rahat, huzur ve s\u0131cakl\u0131\u011f\u0131 aratmayacak \u015fekilde sizlerin hizmetine sunuyoruz.<\/p>\n\n\n\n<p><strong>G\u00fcven Erkek Apart<\/strong><br>Apart\u0131m\u0131z \u015fehir merkezinde ve Anadolu \u00dcniversitesi (Yunusemre kamp\u00fcs\u00fcne) 500 mt mesafesindedir.<\/p>\n\n\n\n<p>Eski\u015fehir Teknik \u00dcniversitesine servisimiz bulunmaktad\u0131r.<\/p>\n\n\n\n<p>Osmangazi \u00dcniversitesine tek vas\u0131ta ile ula\u015f\u0131labilir.&nbsp;<\/p>\n\n\n\n<figure class=\"wp-block-image\"><img loading=\"lazy\" decoding=\"async\" width=\"600\" height=\"1197\" src=\"http:\/\/www.eskisehirapartlar.net\/wp-content\/uploads\/2024\/03\/guven_erkek_apart_03.jpg\" alt=\"\" class=\"wp-image-75\" srcset=\"https:\/\/www.eskisehirapartlar.net\/wp-content\/uploads\/2024\/03\/guven_erkek_apart_03.jpg 600w, https:\/\/www.eskisehirapartlar.net\/wp-content\/uploads\/2024\/03\/guven_erkek_apart_03-150x300.jpg 150w, https:\/\/www.eskisehirapartlar.net\/wp-content\/uploads\/2024\/03\/guven_erkek_apart_03-513x1024.jpg 513w\" sizes=\"auto, (max-width: 600px) 100vw, 600px\" \/><\/figure>\n","protected":false},"excerpt":{"rendered":"<p>G\u00fcvendesiniz Temizlik, Rahat Bir Ortam, \u00c7a\u011fda\u015f Hizmet G\u00fcven\u2019deGelin G\u00f6r\u00fcn Karar\u0131 Siz Verin&#8230; &#8211; \u00dcniversitelere ve \u015eehir Merkezine Ula\u015f\u0131m Kolayl\u0131\u011f\u0131 (Anadolu \u00dcniversitesine 500 Metre)&#8211; Yal\u0131t\u0131ml\u0131 Olan Binam\u0131zda Merkezi Is\u0131tma Mevcuttur&#8211; Binam\u0131z Yeni Olup Deprem Y\u00f6netmeli\u011fine Uygun Olarak \u0130n\u015fa Edilmi\u015ftir&#8211; Son Derce &hellip; <a href=\"https:\/\/www.eskisehirapartlar.net\/?page_id=73\">Continue reading <span class=\"meta-nav\">&rarr;<\/span><\/a><\/p>\n","protected":false},"author":1,"featured_media":0,"parent":55,"menu_order":4,"comment_status":"closed","ping_status":"closed","template":"","meta":{"footnotes":""},"class_list":["post-73","page","type-page","status-publish","hentry"],"_links":{"self":[{"href":"https:\/\/www.eskisehirapartlar.net\/index.php?rest_route=\/wp\/v2\/pages\/73","targetHints":{"allow":["GET"]}}],"collection":[{"href":"https:\/\/www.eskisehirapartlar.net\/index.php?rest_route=\/wp\/v2\/pages"}],"about":[{"href":"https:\/\/www.eskisehirapartlar.net\/index.php?rest_route=\/wp\/v2\/types\/page"}],"author":[{"embeddable":true,"href":"https:\/\/www.eskisehirapartlar.net\/index.php?rest_route=\/wp\/v2\/users\/1"}],"replies":[{"embeddable":true,"href":"https:\/\/www.eskisehirapartlar.net\/index.php?rest_route=%2Fwp%2Fv2%2Fcomments&post=73"}],"version-history":[{"count":2,"href":"https:\/\/www.eskisehirapartlar.net\/index.php?rest_route=\/wp\/v2\/pages\/73\/revisions"}],"predecessor-version":[{"id":103,"href":"https:\/\/www.eskisehirapartlar.net\/index.php?rest_route=\/wp\/v2\/pages\/73\/revisions\/103"}],"up":[{"embeddable":true,"href":"https:\/\/www.eskisehirapartlar.net\/index.php?rest_route=\/wp\/v2\/pages\/55"}],"wp:attachment":[{"href":"https:\/\/www.eskisehirapartlar.net\/index.php?rest_route=%2Fwp%2Fv2%2Fmedia&parent=73"}],"curies":[{"name":"wp","href":"https:\/\/api.w.org\/{rel}","templated":true}]}}