{"id":91,"date":"2024-03-08T07:19:57","date_gmt":"2024-03-08T07:19:57","guid":{"rendered":"https:\/\/www.eskisehirapartlar.net\/?page_id=91"},"modified":"2024-03-08T01:21:39","modified_gmt":"2024-03-08T08:21:39","slug":"bize-ulasin","status":"publish","type":"page","link":"https:\/\/www.eskisehirapartlar.net\/?page_id=91","title":{"rendered":"Bize Ula\u015f\u0131n"},"content":{"rendered":"\n<p class=\"has-medium-font-size\"><strong>Eski\u015fehir Reklam \u0130nternet Yay\u0131nc\u0131l\u0131k Hizmetleri<\/strong><\/p>\n\n\n\n<p>Firma Kay\u0131tlar\u0131 1 y\u0131ll\u0131k yap\u0131lmaktad\u0131r. Kay\u0131t i\u00e7in bize ula\u015f\u0131n.<\/p>\n\n\n\n<p>Sisteme kaydoldu\u011funuzda, tek \u00fcyelikle;<br>eskisehirliyiz.biz &#8211; eskisehir.net.tr &#8211; eskisehirportal.com &#8211; eskisehirburada.com<br>eskisehirapartlar.net &#8211; eskisehirogrenci.com<br>sitelerinde de g\u00f6r\u00fcnt\u00fclenirsiniz.<\/p>\n\n\n\n<hr class=\"wp-block-separator has-alpha-channel-opacity\"\/>\n\n\n\n<p class=\"has-medium-font-size\"><strong>ESK\u0130\u015eEH\u0130R REKLAM<\/strong><\/p>\n\n\n\n<p>2 Eyl\u00fcl Cd. Yalb\u0131 Sk.Arifbey Apt. 13\/13 ESK\u0130\u015eEH\u0130R<\/p>\n\n\n\n<p>Tel : 0.222.230 25 65<\/p>\n\n\n\n<p>7\/24 destek i\u00e7in:<br>0.505.612 45 44<br>0.542.311 63 84<\/p>\n\n\n\n<p>Email insidezen@hotmail.com<\/p>\n","protected":false},"excerpt":{"rendered":"<p>Eski\u015fehir Reklam \u0130nternet Yay\u0131nc\u0131l\u0131k Hizmetleri Firma Kay\u0131tlar\u0131 1 y\u0131ll\u0131k yap\u0131lmaktad\u0131r. Kay\u0131t i\u00e7in bize ula\u015f\u0131n. Sisteme kaydoldu\u011funuzda, tek \u00fcyelikle;eskisehirliyiz.biz &#8211; eskisehir.net.tr &#8211; eskisehirportal.com &#8211; eskisehirburada.comeskisehirapartlar.net &#8211; eskisehirogrenci.comsitelerinde de g\u00f6r\u00fcnt\u00fclenirsiniz. ESK\u0130\u015eEH\u0130R REKLAM 2 Eyl\u00fcl Cd. Yalb\u0131 Sk.Arifbey Apt. 13\/13 ESK\u0130\u015eEH\u0130R Tel : &hellip; <a href=\"https:\/\/www.eskisehirapartlar.net\/?page_id=91\">Continue reading <span class=\"meta-nav\">&rarr;<\/span><\/a><\/p>\n","protected":false},"author":1,"featured_media":0,"parent":0,"menu_order":2,"comment_status":"closed","ping_status":"closed","template":"","meta":{"footnotes":""},"class_list":["post-91","page","type-page","status-publish","hentry"],"_links":{"self":[{"href":"https:\/\/www.eskisehirapartlar.net\/index.php?rest_route=\/wp\/v2\/pages\/91","targetHints":{"allow":["GET"]}}],"collection":[{"href":"https:\/\/www.eskisehirapartlar.net\/index.php?rest_route=\/wp\/v2\/pages"}],"about":[{"href":"https:\/\/www.eskisehirapartlar.net\/index.php?rest_route=\/wp\/v2\/types\/page"}],"author":[{"embeddable":true,"href":"https:\/\/www.eskisehirapartlar.net\/index.php?rest_route=\/wp\/v2\/users\/1"}],"replies":[{"embeddable":true,"href":"https:\/\/www.eskisehirapartlar.net\/index.php?rest_route=%2Fwp%2Fv2%2Fcomments&post=91"}],"version-history":[{"count":5,"href":"https:\/\/www.eskisehirapartlar.net\/index.php?rest_route=\/wp\/v2\/pages\/91\/revisions"}],"predecessor-version":[{"id":92,"href":"https:\/\/www.eskisehirapartlar.net\/index.php?rest_route=\/wp\/v2\/pages\/91\/revisions\/92"}],"wp:attachment":[{"href":"https:\/\/www.eskisehirapartlar.net\/index.php?rest_route=%2Fwp%2Fv2%2Fmedia&parent=91"}],"curies":[{"name":"wp","href":"https:\/\/api.w.org\/{rel}","templated":true}]}}